{"id":995,"date":"2023-06-06T09:12:51","date_gmt":"2023-06-06T09:12:51","guid":{"rendered":"https:\/\/iptvkingnordic.com\/?page_id=995"},"modified":"2025-12-05T00:53:06","modified_gmt":"2025-12-05T00:53:06","slug":"privacy-policy","status":"publish","type":"page","link":"https:\/\/iptvkingnordic.com\/sv\/privacy-policy\/","title":{"rendered":"Privacy Policy"},"content":{"rendered":"<div data-elementor-type=\"wp-page\" data-elementor-id=\"995\" class=\"elementor elementor-995\" data-elementor-post-type=\"page\">\n\t\t\t\t\t\t<section class=\"elementor-section elementor-top-section elementor-element elementor-element-570dcf9a elementor-section-boxed elementor-section-height-default elementor-section-height-default\" data-id=\"570dcf9a\" data-element_type=\"section\" data-e-type=\"section\" data-settings=\"{&quot;background_background&quot;:&quot;classic&quot;}\">\n\t\t\t\t\t\t<div class=\"elementor-container elementor-column-gap-default\">\n\t\t\t\t\t<div class=\"elementor-column elementor-col-100 elementor-top-column elementor-element elementor-element-37893a5f\" data-id=\"37893a5f\" data-element_type=\"column\" data-e-type=\"column\">\n\t\t\t<div class=\"elementor-widget-wrap elementor-element-populated\">\n\t\t\t\t\t\t<section class=\"elementor-section elementor-inner-section elementor-element elementor-element-13ea9db9 elementor-section-boxed elementor-section-height-default elementor-section-height-default\" data-id=\"13ea9db9\" data-element_type=\"section\" data-e-type=\"section\" data-settings=\"{&quot;background_background&quot;:&quot;gradient&quot;}\">\n\t\t\t\t\t\t\t<div class=\"elementor-background-overlay\"><\/div>\n\t\t\t\t\t\t\t<div class=\"elementor-container elementor-column-gap-default\">\n\t\t\t\t\t<div class=\"elementor-column elementor-col-100 elementor-inner-column elementor-element elementor-element-790f663a\" data-id=\"790f663a\" data-element_type=\"column\" data-e-type=\"column\">\n\t\t\t<div class=\"elementor-widget-wrap elementor-element-populated\">\n\t\t\t\t\t\t<div class=\"elementor-element elementor-element-6e6808e8 elementor-invisible elementor-widget elementor-widget-heading\" data-id=\"6e6808e8\" data-element_type=\"widget\" data-e-type=\"widget\" data-settings=\"{&quot;_animation&quot;:&quot;bounceIn&quot;}\" data-widget_type=\"heading.default\">\n\t\t\t\t<div class=\"elementor-widget-container\">\n\t\t\t\t\t<h1 class=\"elementor-heading-title elementor-size-default\">Integritets Policy<\/h1>\t\t\t\t<\/div>\n\t\t\t\t<\/div>\n\t\t\t\t\t<\/div>\n\t\t<\/div>\n\t\t\t\t\t<\/div>\n\t\t<\/section>\n\t\t\t\t\t<\/div>\n\t\t<\/div>\n\t\t\t\t\t<\/div>\n\t\t<\/section>\n\t\t\t\t<section class=\"elementor-section elementor-top-section elementor-element elementor-element-7064943 elementor-section-boxed elementor-section-height-default elementor-section-height-default\" data-id=\"7064943\" data-element_type=\"section\" data-e-type=\"section\" data-settings=\"{&quot;background_background&quot;:&quot;classic&quot;}\">\n\t\t\t\t\t\t<div class=\"elementor-container elementor-column-gap-default\">\n\t\t\t\t\t<div class=\"elementor-column elementor-col-100 elementor-top-column elementor-element elementor-element-6f296e2\" data-id=\"6f296e2\" data-element_type=\"column\" data-e-type=\"column\">\n\t\t\t<div class=\"elementor-widget-wrap elementor-element-populated\">\n\t\t\t\t\t\t<div class=\"elementor-element elementor-element-acf4dc1 elementor-widget elementor-widget-text-editor\" data-id=\"acf4dc1\" data-element_type=\"widget\" data-e-type=\"widget\" data-widget_type=\"text-editor.default\">\n\t\t\t\t<div class=\"elementor-widget-container\">\n\t\t\t\t\t\t\t\t\tDenna Integritetspolicy beskriver v\u00e5ra riktlinjer och procedurer f\u00f6r insamling, anv\u00e4ndning och avsl\u00f6jande av din information n\u00e4r du anv\u00e4nder tj\u00e4nsten, samt informerar dig om dina r\u00e4ttigheter till integritet och hur lagen skyddar dig.\n\nVi anv\u00e4nder dina personuppgifter f\u00f6r att tillhandah\u00e5lla och f\u00f6rb\u00e4ttra tj\u00e4nsten. Genom att anv\u00e4nda tj\u00e4nsten godk\u00e4nner du insamling och anv\u00e4ndning av information i enlighet med denna Integritetspolicy. Denna Integritetspolicy har skapats med hj\u00e4lp av <a href=\"https:\/\/www.termsfeed.com\/privacy-policy-generator\/\" target=\"_blank\" rel=\"noopener\">TermsFeed Privacy Policy Generator<\/a>.\n\nTolkning och definitioner\nTolkning\n\nOrd med stor begynnelsebokstav har betydelser definierade i villkoren nedan. Dessa definitioner g\u00e4ller oavsett om de anv\u00e4nds i singular eller plural.\n\nDefinitioner\n\nF\u00f6r syftet med denna Integritetspolicy:\n\n<ul> <li><strong>Konto<\/strong> betyder ett unikt konto skapat f\u00f6r dig f\u00f6r att f\u00e5 tillg\u00e5ng till v\u00e5r tj\u00e4nst eller delar av den.<\/li> <li><strong>Partner<\/strong> avser en enhet som kontrollerar, kontrolleras av eller \u00e4r under gemensam kontroll med sidan, d\u00e4r &#8220;kontroll&#8221; inneb\u00e4r innehav av 50% eller mer av aktier, andelar eller andra v\u00e4rdepapper som ger r\u00f6str\u00e4tt vid val av styrelse eller annan styrande makt.<\/li> <li><strong>F\u00f6retag<\/strong> (kallat i detta avtal &#8220;F\u00f6retaget&#8221;, &#8220;Vi&#8221;, &#8220;Oss&#8221; eller &#8220;V\u00e5r&#8221;) avser demo2.<\/li> <li><strong>Cookies<\/strong> \u00e4r sm\u00e5 filer som placeras p\u00e5 din dator, mobila enhet eller annan enhet av webbplatsen, inneh\u00e5llande detaljer om din webbhistorik p\u00e5 webbplatsen bland andra anv\u00e4ndningar.<\/li> <li><strong>Land<\/strong> avser: Kalifornien, USA.<\/li> <li><strong>Enhet<\/strong> avser vilken enhet som helst som kan f\u00e5 tillg\u00e5ng till tj\u00e4nsten, s\u00e5som dator, mobiltelefon eller surfplatta.<\/li> <li><strong>Personuppgifter<\/strong> avser information som relaterar till en identifierad eller identifierbar person.<\/li> <li><strong>Tj\u00e4nst<\/strong> avser webbplatsen.<\/li> <li><strong>Tj\u00e4nsteleverant\u00f6r<\/strong> avser en fysisk eller juridisk person som behandlar data p\u00e5 uppdrag av f\u00f6retaget, inklusive tredje parter anlitade f\u00f6r att underl\u00e4tta, leverera eller analysera tj\u00e4nsten.<\/li> <li><strong>Tredjeparts sociala tj\u00e4nster<\/strong> avser webbplatser eller sociala n\u00e4tverk d\u00e4r anv\u00e4ndare kan logga in eller skapa konto f\u00f6r att anv\u00e4nda tj\u00e4nsten.<\/li> <li><strong>Anv\u00e4ndardata<\/strong> avser automatiskt insamlad data som genereras av anv\u00e4ndningen av tj\u00e4nsten eller infrastrukturen (t.ex. bes\u00f6kstid p\u00e5 webbplatsen).<\/li> <li><strong>Webbplats<\/strong> avser demo2, tillg\u00e4nglig fr\u00e5n demo2.<\/li> <li><strong>Du<\/strong> avser personen som f\u00e5r tillg\u00e5ng till eller anv\u00e4nder tj\u00e4nsten, eller f\u00f6retaget\/enhet som personen representerar.<\/li> <\/ul>\nInsamling och anv\u00e4ndning av dina personuppgifter\nTyper av insamlad data\nPersonuppgifter\n\nN\u00e4r du anv\u00e4nder v\u00e5r tj\u00e4nst kan vi be dig l\u00e4mna viss identifierbar information som kan anv\u00e4ndas f\u00f6r att kontakta dig eller identifiera dig. Exempel inkluderar men \u00e4r inte begr\u00e4nsat till:\n\n<ul> <li>E-postadress<\/li> <li>F\u00f6r- och efternamn<\/li> <li>Telefonnummer<\/li> <li>Adress, stat, provins, postnummer, stad<\/li> <li>Anv\u00e4ndardata<\/li> <\/ul>\nAnv\u00e4ndardata\n\nAnv\u00e4ndardata samlas in automatiskt n\u00e4r du anv\u00e4nder tj\u00e4nsten.\n\nDet kan inkludera information s\u00e5som IP-adress p\u00e5 din enhet, webbl\u00e4sartyp och version, sidor p\u00e5 v\u00e5r tj\u00e4nst som du bes\u00f6ker, datum och tid f\u00f6r bes\u00f6k, tid som spenderas p\u00e5 sidor, unika enhetsidentifierare och annan diagnostisk data.\n\nVid \u00e5tkomst via mobil enhet kan vi automatiskt samla in information s\u00e5som enhetstyp, unika identifierare, IP-adress, operativsystem, mobil webbl\u00e4sartyp och annan diagnostisk data.\n\nVi kan \u00e4ven samla in information som skickas av din webbl\u00e4sare varje g\u00e5ng du bes\u00f6ker v\u00e5r tj\u00e4nst eller anv\u00e4nder en mobil enhet.\n\nInformation fr\u00e5n externa sociala tj\u00e4nster\n\nF\u00f6retaget till\u00e5ter dig att skapa konto och logga in via externa sociala tj\u00e4nster s\u00e5som:\n\n<ul> <li>Google<\/li> <li>Facebook<\/li> <li>Twitter<\/li> <li>LinkedIn<\/li> <\/ul>\n\nOm du v\u00e4ljer att registrera dig via eller ge oss \u00e5tkomst till en extern social tj\u00e4nst kan vi samla in personuppgifter kopplade till ditt konto, s\u00e5som namn, e-postadress, aktivitet eller kontaktlista. Du kan \u00e4ven dela ytterligare information via ditt sociala konto, vilket ger f\u00f6retaget r\u00e4tt att anv\u00e4nda, dela och lagra den enligt denna integritetspolicy.\n\nSp\u00e5rningsteknologier och cookies\n\nVi anv\u00e4nder cookies och liknande sp\u00e5rningsteknologier f\u00f6r att \u00f6vervaka aktivitet i v\u00e5r tj\u00e4nst och lagra viss information. De teknologier vi anv\u00e4nder inkluderar sp\u00e5rningspixlar, taggar och skript f\u00f6r insamling, sp\u00e5rning, f\u00f6rb\u00e4ttring och analys av tj\u00e4nsten.\t\t\t\t\t\t\t\t<\/div>\n\t\t\t\t<\/div>\n\t\t\t\t\t<\/div>\n\t\t<\/div>\n\t\t\t\t\t<\/div>\n\t\t<\/section>\n\t\t\t\t<\/div>","protected":false},"excerpt":{"rendered":"<p>Integritets Policy Denna Integritetspolicy beskriver v\u00e5ra riktlinjer och procedurer f\u00f6r insamling, anv\u00e4ndning och avsl\u00f6jande av din information n\u00e4r du anv\u00e4nder tj\u00e4nsten, samt informerar dig om dina r\u00e4ttigheter till integritet och hur lagen skyddar dig. Vi anv\u00e4nder dina personuppgifter f\u00f6r att tillhandah\u00e5lla och f\u00f6rb\u00e4ttra tj\u00e4nsten. Genom att anv\u00e4nda tj\u00e4nsten godk\u00e4nner du insamling och anv\u00e4ndning av information [&hellip;]<\/p>\n","protected":false},"author":4,"featured_media":0,"parent":0,"menu_order":0,"comment_status":"closed","ping_status":"closed","template":"elementor_header_footer","meta":{"_themeisle_gutenberg_block_has_review":false,"footnotes":""},"class_list":["post-995","page","type-page","status-publish","hentry"],"rttpg_featured_image_url":null,"rttpg_author":{"display_name":"","author_link":"https:\/\/iptvkingnordic.com\/sv\/author\/"},"rttpg_comment":0,"rttpg_category":null,"rttpg_excerpt":"Integritets Policy Denna Integritetspolicy beskriver v\u00e5ra riktlinjer och procedurer f\u00f6r insamling, anv\u00e4ndning och avsl\u00f6jande av din information n\u00e4r du anv\u00e4nder tj\u00e4nsten, samt informerar dig om dina r\u00e4ttigheter till integritet och hur lagen skyddar dig. Vi anv\u00e4nder dina personuppgifter f\u00f6r att tillhandah\u00e5lla och f\u00f6rb\u00e4ttra tj\u00e4nsten. Genom att anv\u00e4nda tj\u00e4nsten godk\u00e4nner du insamling och anv\u00e4ndning av information&hellip;","_links":{"self":[{"href":"https:\/\/iptvkingnordic.com\/sv\/wp-json\/wp\/v2\/pages\/995","targetHints":{"allow":["GET"]}}],"collection":[{"href":"https:\/\/iptvkingnordic.com\/sv\/wp-json\/wp\/v2\/pages"}],"about":[{"href":"https:\/\/iptvkingnordic.com\/sv\/wp-json\/wp\/v2\/types\/page"}],"author":[{"embeddable":true,"href":"https:\/\/iptvkingnordic.com\/sv\/wp-json\/wp\/v2\/users\/4"}],"replies":[{"embeddable":true,"href":"https:\/\/iptvkingnordic.com\/sv\/wp-json\/wp\/v2\/comments?post=995"}],"version-history":[{"count":6,"href":"https:\/\/iptvkingnordic.com\/sv\/wp-json\/wp\/v2\/pages\/995\/revisions"}],"predecessor-version":[{"id":4139,"href":"https:\/\/iptvkingnordic.com\/sv\/wp-json\/wp\/v2\/pages\/995\/revisions\/4139"}],"wp:attachment":[{"href":"https:\/\/iptvkingnordic.com\/sv\/wp-json\/wp\/v2\/media?parent=995"}],"curies":[{"name":"wp","href":"https:\/\/api.w.org\/{rel}","templated":true}]}}