{"id":2121,"date":"2024-08-14T19:10:22","date_gmt":"2024-08-14T19:10:22","guid":{"rendered":"https:\/\/iptvkingnordic.com\/?page_id=2121"},"modified":"2025-12-22T14:07:18","modified_gmt":"2025-12-22T14:07:18","slug":"blog","status":"publish","type":"page","link":"https:\/\/iptvkingnordic.com\/sv\/blog\/","title":{"rendered":"blog"},"content":{"rendered":"<div data-elementor-type=\"wp-page\" data-elementor-id=\"2121\" class=\"elementor elementor-2121\" data-elementor-post-type=\"page\">\n\t\t\t\t\t\t<section class=\"elementor-section elementor-top-section elementor-element elementor-element-2876a054 elementor-section-boxed elementor-section-height-default elementor-section-height-default\" data-id=\"2876a054\" data-element_type=\"section\" data-e-type=\"section\" data-settings=\"{&quot;background_background&quot;:&quot;classic&quot;}\">\n\t\t\t\t\t\t<div class=\"elementor-container elementor-column-gap-default\">\n\t\t\t\t\t<div class=\"elementor-column elementor-col-100 elementor-top-column elementor-element elementor-element-62d97562\" data-id=\"62d97562\" data-element_type=\"column\" data-e-type=\"column\">\n\t\t\t<div class=\"elementor-widget-wrap elementor-element-populated\">\n\t\t\t\t\t\t<section class=\"elementor-section elementor-inner-section elementor-element elementor-element-b570c1f elementor-section-boxed elementor-section-height-default elementor-section-height-default\" data-id=\"b570c1f\" data-element_type=\"section\" data-e-type=\"section\" data-settings=\"{&quot;background_background&quot;:&quot;gradient&quot;}\">\n\t\t\t\t\t\t\t<div class=\"elementor-background-overlay\"><\/div>\n\t\t\t\t\t\t\t<div class=\"elementor-container elementor-column-gap-default\">\n\t\t\t\t\t<div class=\"elementor-column elementor-col-100 elementor-inner-column elementor-element elementor-element-1e774b72\" data-id=\"1e774b72\" data-element_type=\"column\" data-e-type=\"column\">\n\t\t\t<div class=\"elementor-widget-wrap elementor-element-populated\">\n\t\t\t\t\t\t<div class=\"elementor-element elementor-element-6e1704d2 elementor-invisible elementor-widget elementor-widget-heading\" data-id=\"6e1704d2\" data-element_type=\"widget\" data-e-type=\"widget\" data-settings=\"{&quot;_animation&quot;:&quot;bounceIn&quot;}\" data-widget_type=\"heading.default\">\n\t\t\t\t<div class=\"elementor-widget-container\">\n\t\t\t\t\t<h1 class=\"elementor-heading-title elementor-size-default\">BLOG<\/h1>\t\t\t\t<\/div>\n\t\t\t\t<\/div>\n\t\t\t\t\t<\/div>\n\t\t<\/div>\n\t\t\t\t\t<\/div>\n\t\t<\/section>\n\t\t\t\t\t<\/div>\n\t\t<\/div>\n\t\t\t\t\t<\/div>\n\t\t<\/section>\n\t\t\t\t<section class=\"elementor-section elementor-top-section elementor-element elementor-element-330995a elementor-section-boxed elementor-section-height-default elementor-section-height-default\" data-id=\"330995a\" data-element_type=\"section\" data-e-type=\"section\">\n\t\t\t\t\t\t<div class=\"elementor-container elementor-column-gap-default\">\n\t\t\t\t\t<div class=\"elementor-column elementor-col-100 elementor-top-column elementor-element elementor-element-9dbc9d9\" data-id=\"9dbc9d9\" data-element_type=\"column\" data-e-type=\"column\">\n\t\t\t<div class=\"elementor-widget-wrap elementor-element-populated\">\n\t\t\t\t\t\t<div class=\"elementor-element elementor-element-9ce1455 meta-visibility-show section-title-style-style1 title_position_default title_hover_border_default title-default img_hover_animation_default meta_position_default readmore-btn-default-style grid-hover-overlay-type-always tpg-el-box-border-enable tpg-border-bottom-disable elementor-widget elementor-widget-tpg-grid-layout\" data-id=\"9ce1455\" data-element_type=\"widget\" data-e-type=\"widget\" data-widget_type=\"tpg-grid-layout.default\">\n\t\t\t\t<div class=\"elementor-widget-container\">\n\t\t\t\t\t\t\t<div class=\"rt-container-fluid rt-tpg-container tpg-el-main-wrapper clearfix grid-layout1-main\"\n\t\t\t id=\"rt-tpg-container-3371769834\"\n\t\t\t data-layout=\"grid-layout1\"\n\t\t\t data-grid-style=\"tpg-full-height\"\n\t\t\t data-sc-id=\"elementor\"\n\t\t\t data-el-settings=''\n\t\t\t data-el-query=''\n\t\t\t data-el-path=''\n\t\t>\n\t\t\t\t\t\t\t<div id=\"bottom-script-loader\" class=\"bottom-script-loader\">\n\t\t\t\t\t<div class=\"rt-ball-clip-rotate\">\n\t\t\t\t\t\t<div><\/div>\n\t\t\t\t\t<\/div>\n\t\t\t\t<\/div>\n\t\t\t\t\t\t\t<div class='tpg-header-wrapper'>\n\t\t\t\t\n        <div class=\"tpg-widget-heading-wrapper rt-clear heading-style1\">\n            <span class=\"tpg-widget-heading-line line-left\"><\/span>\n            <h2 class='tpg-widget-heading'>\n            \n                                    <span>\n\t\t\t\t\t\tBlog\t\t\t\t\t<\/span>\n                    \n                            <\/h2>            <span class=\"tpg-widget-heading-line line-right\"><\/span>\n\n            \n        <\/div>\n\n        \n        \t\t\t<\/div>\n\n\t\t\t<div data-title=\"Loading ...\" class=\"rt-row rt-content-loader grid-layout1 grid-behaviour tpg-full-height grid_layout_wrapper\">\n\t\t\t\t<div class=\"rt-col-md-4 rt-col-sm-6 rt-col-xs-12 default rt-grid-item post-4313 post type-post status-publish format-standard hentry category-news\"        data-id=\"4313\">\n    <div class=\"rt-holder tpg-post-holder\">\n        <div class=\"rt-detail rt-el-content-wrapper\">\n\t\t\t                <div class=\"rt-img-holder tpg-el-image-wrap has-no-thumbnail\">\n\t\t\t\t\t<a data-id=\"4313\" href=\"https:\/\/iptvkingnordic.com\/sv\/iptv-polska-najlepsza-polska-usluga-iptv-dla-telewizji-filmow-i-sportu\/\" class=\"tpg-post-link\" target=\"_self\">        \n        <\/a>\n                <div class=\"overlay grid-hover-content\"><\/div>\n                        <\/div>\n\t\t\t\n\t\t\t<div class=\"entry-title-wrapper\"><h3 class=\"entry-title\"><a data-id=\"4313\" href=\"https:\/\/iptvkingnordic.com\/sv\/iptv-polska-najlepsza-polska-usluga-iptv-dla-telewizji-filmow-i-sportu\/\" class=\"tpg-post-link\" target=\"_self\">IPTV Polska \u2013 Najlepsza Polska Us\u0142uga IPTV dla Telewizji, Film\u00f3w i Sportu<\/a><\/h3><\/div>\n\t\t\t                <div class=\"post-meta-tags rt-el-post-meta\">\n\t\t\t\t\t            <span class='date'>\n\t\t\t\t<i class='far fa-calendar-alt'><\/i>                                    <a href=\"https:\/\/iptvkingnordic.com\/sv\/2026\/01\/30\/\">\n\t\t\t\t\tjanuari 30, 2026\t\t\t\t<\/a>\n                \t\t\t<\/span>\n                            <\/div>\n\t\t\t\n\n\t\t\t                <div class=\"tpg-excerpt tpg-el-excerpt\">\n\t\t\t\t\t                        <div class=\"tpg-excerpt-inner\">\n\t\t\t\t\t\t\tIPTV POLSKA \u2013 Najlepsza Polska Us\u0142uga IPTV dla Telewizji, Film\u00f3w i Sportu W dzisiejszym \u015bwiecie transmisji online, IPTV (Internet Protocol Television) szybko zast\u0119puje tradycyjn\u0105 telewizj\u0119 kablow\u0105 i...                        <\/div>\n\t\t\t\t\t\t\t\t\t\t                <\/div>\n\t\t\t\n\t\t\t        <div class=\"post-footer\">\n            <div class=\"post-footer\">\n                <div class=\"read-more\">\n                    <a data-id=\"4313\" href=\"https:\/\/iptvkingnordic.com\/sv\/iptv-polska-najlepsza-polska-usluga-iptv-dla-telewizji-filmow-i-sportu\/\" class=\"tpg-post-link\" target=\"_self\">Przeczytaj wi\u0119cej<\/a>                <\/div>\n            <\/div>\n        <\/div>\n                <\/div>\n    <\/div>\n<\/div>\n\t\t\t<\/div>\n\t\t\t\n\t\t<\/div>\n\t\t\t\t\t\t<\/div>\n\t\t\t\t<\/div>\n\t\t\t\t\t<\/div>\n\t\t<\/div>\n\t\t\t\t\t<\/div>\n\t\t<\/section>\n\t\t\t\t<\/div>","protected":false},"excerpt":{"rendered":"<p>BLOG Blog Fina\u0142 Ligi Narod\u00f3w: Starcie Tytan\u00f3w \u2013 Wieczny Cristiano Ronaldo kontra Cudowny Lamine Yamal. Kto Zdob\u0119dzie Tron Europy? June 7, 2025 Fina\u0142 Ligi Narod\u00f3w: Starcie Tytan\u00f3w \u2013 Wieczny Cristiano Ronaldo kontra Cudowny Lamine Yamal. Kto Zdob\u0119dzie Tron Europy? Monachium, 8 czerwca 2025 \u2013 Ca\u0142a pi\u0142karska Europa wstrzymuje oddech. W wielkim&#8230; Przeczytaj wi\u0119cej Eurowizja 2025: [&hellip;]<\/p>\n","protected":false},"author":13,"featured_media":4196,"parent":0,"menu_order":0,"comment_status":"closed","ping_status":"closed","template":"","meta":{"_themeisle_gutenberg_block_has_review":false,"footnotes":""},"class_list":["post-2121","page","type-page","status-publish","has-post-thumbnail","hentry"],"rttpg_featured_image_url":{"full":["https:\/\/iptvkingnordic.com\/wp-content\/uploads\/2023\/05\/logosvenk.png",1088,350,false],"landscape":["https:\/\/iptvkingnordic.com\/wp-content\/uploads\/2023\/05\/logosvenk.png",1088,350,false],"portraits":["https:\/\/iptvkingnordic.com\/wp-content\/uploads\/2023\/05\/logosvenk.png",1088,350,false],"thumbnail":["https:\/\/iptvkingnordic.com\/wp-content\/uploads\/2023\/05\/logosvenk-150x150.png",150,150,true],"medium":["https:\/\/iptvkingnordic.com\/wp-content\/uploads\/2023\/05\/logosvenk-300x97.png",300,97,true],"large":["https:\/\/iptvkingnordic.com\/wp-content\/uploads\/2023\/05\/logosvenk-1024x329.png",800,257,true],"1536x1536":["https:\/\/iptvkingnordic.com\/wp-content\/uploads\/2023\/05\/logosvenk.png",1088,350,false],"2048x2048":["https:\/\/iptvkingnordic.com\/wp-content\/uploads\/2023\/05\/logosvenk.png",1088,350,false],"trp-custom-language-flag":["https:\/\/iptvkingnordic.com\/wp-content\/uploads\/2023\/05\/logosvenk.png",18,6,false],"woocommerce_thumbnail":["https:\/\/iptvkingnordic.com\/wp-content\/uploads\/2023\/05\/logosvenk-300x300.png",300,300,true],"woocommerce_single":["https:\/\/iptvkingnordic.com\/wp-content\/uploads\/2023\/05\/logosvenk-600x193.png",600,193,true],"woocommerce_gallery_thumbnail":["https:\/\/iptvkingnordic.com\/wp-content\/uploads\/2023\/05\/logosvenk-100x100.png",100,100,true]},"rttpg_author":{"display_name":"admin","author_link":"https:\/\/iptvkingnordic.com\/sv\/author\/admin\/"},"rttpg_comment":0,"rttpg_category":"","rttpg_excerpt":"BLOG Blog Fina\u0142 Ligi Narod\u00f3w: Starcie Tytan\u00f3w \u2013 Wieczny Cristiano Ronaldo kontra Cudowny Lamine Yamal. Kto Zdob\u0119dzie Tron Europy? June 7, 2025 Fina\u0142 Ligi Narod\u00f3w: Starcie Tytan\u00f3w \u2013 Wieczny Cristiano Ronaldo kontra Cudowny Lamine Yamal. Kto Zdob\u0119dzie Tron Europy? Monachium, 8 czerwca 2025 \u2013 Ca\u0142a pi\u0142karska Europa wstrzymuje oddech. W wielkim&#8230; Przeczytaj wi\u0119cej Eurowizja 2025:&hellip;","_links":{"self":[{"href":"https:\/\/iptvkingnordic.com\/sv\/wp-json\/wp\/v2\/pages\/2121","targetHints":{"allow":["GET"]}}],"collection":[{"href":"https:\/\/iptvkingnordic.com\/sv\/wp-json\/wp\/v2\/pages"}],"about":[{"href":"https:\/\/iptvkingnordic.com\/sv\/wp-json\/wp\/v2\/types\/page"}],"author":[{"embeddable":true,"href":"https:\/\/iptvkingnordic.com\/sv\/wp-json\/wp\/v2\/users\/13"}],"replies":[{"embeddable":true,"href":"https:\/\/iptvkingnordic.com\/sv\/wp-json\/wp\/v2\/comments?post=2121"}],"version-history":[{"count":1,"href":"https:\/\/iptvkingnordic.com\/sv\/wp-json\/wp\/v2\/pages\/2121\/revisions"}],"predecessor-version":[{"id":4214,"href":"https:\/\/iptvkingnordic.com\/sv\/wp-json\/wp\/v2\/pages\/2121\/revisions\/4214"}],"wp:featuredmedia":[{"embeddable":true,"href":"https:\/\/iptvkingnordic.com\/sv\/wp-json\/wp\/v2\/media\/4196"}],"wp:attachment":[{"href":"https:\/\/iptvkingnordic.com\/sv\/wp-json\/wp\/v2\/media?parent=2121"}],"curies":[{"name":"wp","href":"https:\/\/api.w.org\/{rel}","templated":true}]}}