{"id":1014,"date":"2023-06-06T09:21:52","date_gmt":"2023-06-06T09:21:52","guid":{"rendered":"https:\/\/iptvkingnordic.com\/?page_id=1014"},"modified":"2025-12-05T00:58:30","modified_gmt":"2025-12-05T00:58:30","slug":"refund-policy","status":"publish","type":"page","link":"https:\/\/iptvkingnordic.com\/sv\/refund-policy\/","title":{"rendered":"Refund Policy"},"content":{"rendered":"<div data-elementor-type=\"wp-page\" data-elementor-id=\"1014\" class=\"elementor elementor-1014\" data-elementor-post-type=\"page\">\n\t\t\t\t\t\t<section class=\"elementor-section elementor-top-section elementor-element elementor-element-29c895ac elementor-section-boxed elementor-section-height-default elementor-section-height-default\" data-id=\"29c895ac\" data-element_type=\"section\" data-e-type=\"section\" data-settings=\"{&quot;background_background&quot;:&quot;classic&quot;}\">\n\t\t\t\t\t\t<div class=\"elementor-container elementor-column-gap-default\">\n\t\t\t\t\t<div class=\"elementor-column elementor-col-100 elementor-top-column elementor-element elementor-element-6c57b560\" data-id=\"6c57b560\" data-element_type=\"column\" data-e-type=\"column\">\n\t\t\t<div class=\"elementor-widget-wrap elementor-element-populated\">\n\t\t\t\t\t\t<section class=\"elementor-section elementor-inner-section elementor-element elementor-element-1c8e5223 elementor-section-boxed elementor-section-height-default elementor-section-height-default\" data-id=\"1c8e5223\" data-element_type=\"section\" data-e-type=\"section\" data-settings=\"{&quot;background_background&quot;:&quot;gradient&quot;}\">\n\t\t\t\t\t\t\t<div class=\"elementor-background-overlay\"><\/div>\n\t\t\t\t\t\t\t<div class=\"elementor-container elementor-column-gap-default\">\n\t\t\t\t\t<div class=\"elementor-column elementor-col-100 elementor-inner-column elementor-element elementor-element-3e41451b\" data-id=\"3e41451b\" data-element_type=\"column\" data-e-type=\"column\">\n\t\t\t<div class=\"elementor-widget-wrap elementor-element-populated\">\n\t\t\t\t\t\t<div class=\"elementor-element elementor-element-4cddf73d elementor-invisible elementor-widget elementor-widget-heading\" data-id=\"4cddf73d\" data-element_type=\"widget\" data-e-type=\"widget\" data-settings=\"{&quot;_animation&quot;:&quot;bounceIn&quot;}\" data-widget_type=\"heading.default\">\n\t\t\t\t<div class=\"elementor-widget-container\">\n\t\t\t\t\t<h1 class=\"elementor-heading-title elementor-size-default\">\u00c5terbetalnings Policy<\/h1>\t\t\t\t<\/div>\n\t\t\t\t<\/div>\n\t\t\t\t\t<\/div>\n\t\t<\/div>\n\t\t\t\t\t<\/div>\n\t\t<\/section>\n\t\t\t\t\t<\/div>\n\t\t<\/div>\n\t\t\t\t\t<\/div>\n\t\t<\/section>\n\t\t\t\t<section class=\"elementor-section elementor-top-section elementor-element elementor-element-80d2e9c elementor-section-boxed elementor-section-height-default elementor-section-height-default\" data-id=\"80d2e9c\" data-element_type=\"section\" data-e-type=\"section\" data-settings=\"{&quot;background_background&quot;:&quot;classic&quot;}\">\n\t\t\t\t\t\t<div class=\"elementor-container elementor-column-gap-default\">\n\t\t\t\t\t<div class=\"elementor-column elementor-col-100 elementor-top-column elementor-element elementor-element-32fd5e6\" data-id=\"32fd5e6\" data-element_type=\"column\" data-e-type=\"column\">\n\t\t\t<div class=\"elementor-widget-wrap elementor-element-populated\">\n\t\t\t\t\t\t<div class=\"elementor-element elementor-element-5b57082 elementor-widget elementor-widget-text-editor\" data-id=\"5b57082\" data-element_type=\"widget\" data-e-type=\"widget\" data-widget_type=\"text-editor.default\">\n\t\t\t\t<div class=\"elementor-widget-container\">\n\t\t\t\t\t\t\t\t\t<h3>\u2705 <strong>EU-lagstiftning f\u00f6r digitala produkter och \u00e5terbetalningar<\/strong><\/h3> Enligt <strong>EU:s konsumentr\u00e4ttsdirektiv (2011\/83\/EU)<\/strong> behandlas digitalt inneh\u00e5ll (som programvara, musik, video, spel etc.) annorlunda \u00e4n fysiska varor.\n\n\ud83d\udccc <strong>Huvudregel:<\/strong>\n\nN\u00e4r en konsument <strong>laddar ner eller b\u00f6rjar anv\u00e4nda digitalt inneh\u00e5ll<\/strong> <strong>f\u00f6rlorar hen r\u00e4tten till \u00e5ngerr\u00e4tt<\/strong> (dvs. att s\u00e4ga upp avtalet och f\u00e5 \u00e5terbetalning), <strong>om:<\/strong>\n\n<ul> <li>Tj\u00e4nsten har p\u00e5b\u00f6rjats (nedladdning\/anv\u00e4ndning), och<\/li> <li>Konsumenten har <strong>blivit informerad<\/strong> om att \u00e5ngerr\u00e4tten upph\u00f6r vid p\u00e5b\u00f6rjad tj\u00e4nst och <strong>uttryckligen godk\u00e4nt detta<\/strong>.<\/li> <\/ul> Det inneb\u00e4r:\n\n\u274c <strong>Ingen \u00e5terbetalning<\/strong> om konsumenten har p\u00e5b\u00f6rjat anv\u00e4ndningen av det digitala inneh\u00e5llet och blivit tydligt informerad om att r\u00e4tten till \u00e5terbetalning upph\u00f6r.\n\n<h3><strong>\u00c5terbetalningspolicy \u2013 M\u00e5nadssubscription<\/strong><\/h3> Vi erbjuder inte \u00e5terbetalningar f\u00f6r m\u00e5nadssubscriptioner efter aktivering eller n\u00e4r tj\u00e4nsten har p\u00e5b\u00f6rjats. Om du anser att en betalning har debiterats felaktigt eller om ett tekniskt problem uppst\u00e5tt, kontakta v\u00e5rt supportteam via WhatsApp eller e-post. <h3><strong>\u00c5terbetalningspolicy \u2013 Flerm\u00e5naderssubskriptioner<\/strong><\/h3> F\u00f6r k\u00f6p av subskriptioner l\u00e4ngre \u00e4n en m\u00e5nad (t.ex. 3 m\u00e5nader, 6 m\u00e5nader eller 12 m\u00e5nader) kan du beg\u00e4ra \u00e5terbetalning inom 14 dagar fr\u00e5n k\u00f6pdagen \u2014 f\u00f6rutsatt att tj\u00e4nsten inte har anv\u00e4nts i stor omfattning. Vid godk\u00e4nd \u00e5terbetalning kommer en avgift f\u00f6r den aktuella m\u00e5naden att dras fr\u00e5n beloppet. <p>Observera: Efter att \u00e5terbetalningen har behandlats kommer din subskription att bli helt avaktiverad \u2013 inklusive den aktuella m\u00e5naden och tillg\u00e5ng till support. Tillg\u00e5ng till tj\u00e4nsten och teknisk support upph\u00f6r omedelbart efter \u00e5terbetalning. <\/p> <p>F\u00f6r att beg\u00e4ra \u00e5terbetalning, kontakta oss via <strong>WhatsApp<\/strong> eller <strong>e-post<\/strong> inom 14 dagar fr\u00e5n k\u00f6pet.<\/p> <h2>Beh\u00f6ver du hj\u00e4lp?<\/h2> Kontakta oss p\u00e5 <span \n                data-original-string='joB2OhlMm13PZ97fQBEGlw==063NIxqyKWDDgz95Bx9zTN1Il5D5BFddwLjFM+Z5dSVW0A='\n                class='apbct-email-encoder'\n                title='This contact has been encoded by Anti-Spam by CleanTalk. Click to decode. To finish the decoding make sure that JavaScript is enabled in your browser.'>co<span class=\"apbct-blur\">*****<\/span>@<span class=\"apbct-blur\">************<\/span>ic.com<\/span> f\u00f6r fr\u00e5gor om \u00e5terbetalningar eller byten.\t\t\t\t\t\t\t\t<\/div>\n\t\t\t\t<\/div>\n\t\t\t\t\t<\/div>\n\t\t<\/div>\n\t\t\t\t\t<\/div>\n\t\t<\/section>\n\t\t\t\t<\/div>","protected":false},"excerpt":{"rendered":"<p>\u00c5terbetalnings Policy \u2705 EU-lagstiftning f\u00f6r digitala produkter och \u00e5terbetalningar Enligt EU:s konsumentr\u00e4ttsdirektiv (2011\/83\/EU) behandlas digitalt inneh\u00e5ll (som programvara, musik, video, spel etc.) annorlunda \u00e4n fysiska varor. \ud83d\udccc Huvudregel: N\u00e4r en konsument laddar ner eller b\u00f6rjar anv\u00e4nda digitalt inneh\u00e5ll f\u00f6rlorar hen r\u00e4tten till \u00e5ngerr\u00e4tt (dvs. att s\u00e4ga upp avtalet och f\u00e5 \u00e5terbetalning), om: Tj\u00e4nsten har p\u00e5b\u00f6rjats [&hellip;]<\/p>\n","protected":false},"author":4,"featured_media":0,"parent":0,"menu_order":0,"comment_status":"closed","ping_status":"closed","template":"elementor_header_footer","meta":{"_themeisle_gutenberg_block_has_review":false,"footnotes":""},"class_list":["post-1014","page","type-page","status-publish","hentry"],"rttpg_featured_image_url":null,"rttpg_author":{"display_name":"","author_link":"https:\/\/iptvkingnordic.com\/sv\/author\/"},"rttpg_comment":0,"rttpg_category":null,"rttpg_excerpt":"\u00c5terbetalnings Policy \u2705 EU-lagstiftning f\u00f6r digitala produkter och \u00e5terbetalningar Enligt EU:s konsumentr\u00e4ttsdirektiv (2011\/83\/EU) behandlas digitalt inneh\u00e5ll (som programvara, musik, video, spel etc.) annorlunda \u00e4n fysiska varor. \ud83d\udccc Huvudregel: N\u00e4r en konsument laddar ner eller b\u00f6rjar anv\u00e4nda digitalt inneh\u00e5ll f\u00f6rlorar hen r\u00e4tten till \u00e5ngerr\u00e4tt (dvs. att s\u00e4ga upp avtalet och f\u00e5 \u00e5terbetalning), om: Tj\u00e4nsten har p\u00e5b\u00f6rjats&hellip;","_links":{"self":[{"href":"https:\/\/iptvkingnordic.com\/sv\/wp-json\/wp\/v2\/pages\/1014","targetHints":{"allow":["GET"]}}],"collection":[{"href":"https:\/\/iptvkingnordic.com\/sv\/wp-json\/wp\/v2\/pages"}],"about":[{"href":"https:\/\/iptvkingnordic.com\/sv\/wp-json\/wp\/v2\/types\/page"}],"author":[{"embeddable":true,"href":"https:\/\/iptvkingnordic.com\/sv\/wp-json\/wp\/v2\/users\/4"}],"replies":[{"embeddable":true,"href":"https:\/\/iptvkingnordic.com\/sv\/wp-json\/wp\/v2\/comments?post=1014"}],"version-history":[{"count":12,"href":"https:\/\/iptvkingnordic.com\/sv\/wp-json\/wp\/v2\/pages\/1014\/revisions"}],"predecessor-version":[{"id":4154,"href":"https:\/\/iptvkingnordic.com\/sv\/wp-json\/wp\/v2\/pages\/1014\/revisions\/4154"}],"wp:attachment":[{"href":"https:\/\/iptvkingnordic.com\/sv\/wp-json\/wp\/v2\/media?parent=1014"}],"curies":[{"name":"wp","href":"https:\/\/api.w.org\/{rel}","templated":true}]}}