{"id":1003,"date":"2023-06-06T09:18:11","date_gmt":"2023-06-06T09:18:11","guid":{"rendered":"https:\/\/iptvkingnordic.com\/?page_id=1003"},"modified":"2025-12-05T00:56:17","modified_gmt":"2025-12-05T00:56:17","slug":"terms-and-conditions","status":"publish","type":"page","link":"https:\/\/iptvkingnordic.com\/sv\/terms-and-conditions\/","title":{"rendered":"Terms And Conditions"},"content":{"rendered":"<div data-elementor-type=\"wp-page\" data-elementor-id=\"1003\" class=\"elementor elementor-1003\" data-elementor-post-type=\"page\">\n\t\t\t\t\t\t<section class=\"elementor-section elementor-top-section elementor-element elementor-element-1092766e elementor-section-boxed elementor-section-height-default elementor-section-height-default\" data-id=\"1092766e\" data-element_type=\"section\" data-e-type=\"section\" data-settings=\"{&quot;background_background&quot;:&quot;classic&quot;}\">\n\t\t\t\t\t\t<div class=\"elementor-container elementor-column-gap-default\">\n\t\t\t\t\t<div class=\"elementor-column elementor-col-100 elementor-top-column elementor-element elementor-element-6da1bb76\" data-id=\"6da1bb76\" data-element_type=\"column\" data-e-type=\"column\">\n\t\t\t<div class=\"elementor-widget-wrap elementor-element-populated\">\n\t\t\t\t\t\t<section class=\"elementor-section elementor-inner-section elementor-element elementor-element-ef70dee elementor-section-boxed elementor-section-height-default elementor-section-height-default\" data-id=\"ef70dee\" data-element_type=\"section\" data-e-type=\"section\" data-settings=\"{&quot;background_background&quot;:&quot;gradient&quot;}\">\n\t\t\t\t\t\t\t<div class=\"elementor-background-overlay\"><\/div>\n\t\t\t\t\t\t\t<div class=\"elementor-container elementor-column-gap-default\">\n\t\t\t\t\t<div class=\"elementor-column elementor-col-100 elementor-inner-column elementor-element elementor-element-5400c4dd\" data-id=\"5400c4dd\" data-element_type=\"column\" data-e-type=\"column\">\n\t\t\t<div class=\"elementor-widget-wrap elementor-element-populated\">\n\t\t\t\t\t\t<div class=\"elementor-element elementor-element-6e627ca elementor-invisible elementor-widget elementor-widget-heading\" data-id=\"6e627ca\" data-element_type=\"widget\" data-e-type=\"widget\" data-settings=\"{&quot;_animation&quot;:&quot;bounceIn&quot;}\" data-widget_type=\"heading.default\">\n\t\t\t\t<div class=\"elementor-widget-container\">\n\t\t\t\t\t<h1 class=\"elementor-heading-title elementor-size-default\">Anv\u00e4ndar Villkor<\/h1>\t\t\t\t<\/div>\n\t\t\t\t<\/div>\n\t\t\t\t\t<\/div>\n\t\t<\/div>\n\t\t\t\t\t<\/div>\n\t\t<\/section>\n\t\t\t\t\t<\/div>\n\t\t<\/div>\n\t\t\t\t\t<\/div>\n\t\t<\/section>\n\t\t\t\t<section class=\"elementor-section elementor-top-section elementor-element elementor-element-92329f0 elementor-section-boxed elementor-section-height-default elementor-section-height-default\" data-id=\"92329f0\" data-element_type=\"section\" data-e-type=\"section\" data-settings=\"{&quot;background_background&quot;:&quot;classic&quot;}\">\n\t\t\t\t\t\t<div class=\"elementor-container elementor-column-gap-default\">\n\t\t\t\t\t<div class=\"elementor-column elementor-col-100 elementor-top-column elementor-element elementor-element-b9ee70e\" data-id=\"b9ee70e\" data-element_type=\"column\" data-e-type=\"column\">\n\t\t\t<div class=\"elementor-widget-wrap elementor-element-populated\">\n\t\t\t\t\t\t<div class=\"elementor-element elementor-element-40b87b1 elementor-widget elementor-widget-text-editor\" data-id=\"40b87b1\" data-element_type=\"widget\" data-e-type=\"widget\" data-widget_type=\"text-editor.default\">\n\t\t\t\t<div class=\"elementor-widget-container\">\n\t\t\t\t\t\t\t\t\t<h3>Tolkning och definitioner<\/h3> <h3>Tolkning<\/h3> Ord vars f\u00f6rsta bokstav \u00e4r stor har de betydelser som anges i dessa villkor. Definitionerna nedan har samma inneb\u00f6rd oavsett om de anv\u00e4nds i singular eller plural. <h3>Definitioner<\/h3> F\u00f6r \u00e4ndam\u00e5len med dessa villkor och regler: <ul> <li><strong>Partner<\/strong> avser en enhet som kontrollerar, \u00e4r kontrollerad av, eller \u00e4r under gemensam kontroll med en part, d\u00e4r &#8220;kontroll&#8221; inneb\u00e4r \u00e4gande av 50 % eller mer av aktier, andelar eller andra v\u00e4rdepapper som ger r\u00f6str\u00e4tt att utse styrelseledam\u00f6ter eller annan styrande makt.<\/li> <li><strong>Land<\/strong> avser: Kalifornien, USA<\/li> <li><strong>F\u00f6retag<\/strong> (ben\u00e4mnt &#8220;F\u00f6retaget&#8221;, &#8220;vi&#8221;, &#8220;oss&#8221; eller &#8220;v\u00e5r&#8221; i detta avtal) avser demo2.<\/li> <li><strong>Enhet<\/strong> avser vilken som helst enhet som kan f\u00e5 \u00e5tkomst till Tj\u00e4nsten, s\u00e5som dator, mobiltelefon eller digital surfplatta.<\/li> <li><strong>Tj\u00e4nst<\/strong> avser Webbplatsen.<\/li> <li><strong>Villkor och regler<\/strong> (\u00e4ven kallade &#8220;Villkor&#8221;) avser dessa villkor och regler som utg\u00f6r hela avtalet mellan dig och F\u00f6retaget ang\u00e5ende anv\u00e4ndningen av Tj\u00e4nsten. Detta avtal har skapats med hj\u00e4lp av <a href=\"https:\/\/www.termsfeed.com\/terms-conditions-generator\/\" target=\"_blank\" rel=\"noopener\">TermsFeed Terms &#038; Conditions Generator<\/a>.<\/li> <li><strong>Tredjeparts sociala medietj\u00e4nster<\/strong> avser alla tj\u00e4nster eller inneh\u00e5ll (inklusive data, information, produkter eller tj\u00e4nster) som tillhandah\u00e5lls av en tredje part och som kan visas, integreras eller tillhandah\u00e5llas via Tj\u00e4nsten.<\/li> <li><strong>Webbplats<\/strong> avser demo2, tillg\u00e4nglig p\u00e5 demo2. <strong>Du<\/strong> avser personen som f\u00e5r \u00e5tkomst till eller anv\u00e4nder Tj\u00e4nsten, eller det f\u00f6retag eller den juridiska enhet p\u00e5 vars v\u00e4gnar denna person f\u00e5r \u00e5tkomst till eller anv\u00e4nder Tj\u00e4nsten, beroende p\u00e5 sammanhang.<\/li> <\/ul> <h3>Bekr\u00e4ftelse<\/h3> Dessa \u00e4r villkoren som reglerar anv\u00e4ndningen av denna Tj\u00e4nst och utg\u00f6r ett avtal mellan dig och F\u00f6retaget. Dessa Villkor fastst\u00e4ller r\u00e4ttigheter och skyldigheter f\u00f6r alla anv\u00e4ndare ang\u00e5ende anv\u00e4ndningen av Tj\u00e4nsten.\n\nDin \u00e5tkomst till och anv\u00e4ndning av Tj\u00e4nsten \u00e4r beroende av din acceptans och efterlevnad av dessa Villkor. Dessa Villkor g\u00e4ller alla bes\u00f6kare, anv\u00e4ndare och andra som f\u00e5r \u00e5tkomst till eller anv\u00e4nder Tj\u00e4nsten.\n\nGenom att f\u00e5 \u00e5tkomst till eller anv\u00e4nda Tj\u00e4nsten godk\u00e4nner du att f\u00f6lja dessa Villkor. Om du inte godk\u00e4nner n\u00e5gon del av dessa Villkor, f\u00e5r du inte anv\u00e4nda Tj\u00e4nsten.\n\nDu intygar att du \u00e4r \u00f6ver 18 \u00e5r. F\u00f6retaget till\u00e5ter inte personer under 18 \u00e5r att anv\u00e4nda Tj\u00e4nsten.\n\nDin \u00e5tkomst till och anv\u00e4ndning av Tj\u00e4nsten \u00e4r ocks\u00e5 beroende av din acceptans och efterlevnad av F\u00f6retagets Integritetspolicy. V\u00e5r Integritetspolicy beskriver v\u00e5ra policyer och procedurer f\u00f6r insamling, anv\u00e4ndning och avsl\u00f6jande av dina personuppgifter n\u00e4r du anv\u00e4nder Appen eller Webbplatsen, samt informerar om dina r\u00e4ttigheter g\u00e4llande integritet och hur lagen skyddar dig. L\u00e4s noggrant v\u00e5r Integritetspolicy innan du anv\u00e4nder v\u00e5r Tj\u00e4nst.\n\n<h3>L\u00e4nkar till andra webbplatser<\/h3> V\u00e5r Tj\u00e4nst kan inneh\u00e5lla l\u00e4nkar till tredjepartswebbplatser eller tj\u00e4nster som inte \u00e4gs eller kontrolleras av F\u00f6retaget.\n\nF\u00f6retaget har ingen kontroll \u00f6ver och ansvarar inte f\u00f6r inneh\u00e5llet, sekretesspolicyer eller praxis hos n\u00e5gra tredjepartswebbplatser eller tj\u00e4nster. Dessutom accepterar du att F\u00f6retaget inte ansvarar f\u00f6r eller \u00e4r skyldigt, direkt eller indirekt, f\u00f6r eventuella skador eller f\u00f6rluster som orsakas av eller p\u00e5st\u00e5s orsakas av att anv\u00e4nda eller f\u00f6rlita sig p\u00e5 n\u00e5got inneh\u00e5ll, varor eller tj\u00e4nster tillg\u00e4ngliga p\u00e5 eller via s\u00e5dana webbplatser eller tj\u00e4nster.\n\nVi rekommenderar att du noggrant l\u00e4ser villkoren och sekretesspolicyerna f\u00f6r alla tredjepartswebbplatser eller tj\u00e4nster som du bes\u00f6ker.\n\n<h3>Avslutande av avtal<\/h3> Vi kan omedelbart avsluta eller suspendera din \u00e5tkomst utan f\u00f6reg\u00e5ende meddelande eller ansvar, av vilken anledning som helst, inklusive men inte begr\u00e4nsat till om du bryter mot dessa Villkor.\n\nVid avslutande upph\u00f6r din r\u00e4tt att anv\u00e4nda Tj\u00e4nsten omedelbart.\n\n<h3>Ansvarsbegr\u00e4nsning<\/h3> Oavsett vilka skador du kan drabbas av, \u00e4r F\u00f6retagets och dess leverant\u00f6rers totala ansvar enligt dessa Villkor och ditt exklusiva r\u00e4ttsmedel begr\u00e4nsat till det belopp du faktiskt har betalat via Tj\u00e4nsten eller 100 USD om du inte har k\u00f6pt n\u00e5got via Tj\u00e4nsten.\n\nI den m\u00e5n lagen till\u00e5ter, ansvarar varken F\u00f6retaget eller dess leverant\u00f6rer under n\u00e5gra omst\u00e4ndigheter f\u00f6r s\u00e4rskilda, indirekta, slumpm\u00e4ssiga eller f\u00f6ljdskador av n\u00e5got slag (inklusive men inte begr\u00e4nsat till f\u00f6rlust av vinst, data eller information, driftstopp, personskada, f\u00f6rlust av sekretess) som uppst\u00e5r i samband med anv\u00e4ndningen eller of\u00f6rm\u00e5gan att anv\u00e4nda Tj\u00e4nsten, tredjepartsprogramvara eller tredjursutrustning, \u00e4ven om F\u00f6retaget eller leverant\u00f6ren informerats om m\u00f6jligheten av s\u00e5dana skador och \u00e4ven om n\u00e5gon r\u00e4ttelse misslyckas med sitt huvudsakliga syfte.\n\nVissa delstater till\u00e5ter inte uteslutande av underf\u00f6rst\u00e5dda garantier eller begr\u00e4nsning av ansvar f\u00f6r indirekta eller f\u00f6ljdskador, vilket inneb\u00e4r att vissa av ovanst\u00e5ende begr\u00e4nsningar kanske inte g\u00e4ller. I dessa delstater ska varje parts ansvar begr\u00e4nsas till det st\u00f6rsta belopp som lagen till\u00e5ter.\n\n<h3>&#8220;SOM DET \u00c4R&#8221; och &#8220;SOM TILLG\u00c4NGLIGT&#8221; Ansvarsfriskrivning<\/h3> Tj\u00e4nsten tillhandah\u00e5lls &#8220;SOM DEN \u00c4R&#8221; och &#8220;SOM TILLG\u00c4NGLIG&#8221; med alla defekter utan n\u00e5gon garanti. I den utstr\u00e4ckning som lagen till\u00e5ter, friskriver F\u00f6retaget, p\u00e5 egna v\u00e4gnar och p\u00e5 uppdrag av sina Partners och deras licensgivare och leverant\u00f6rer, alla garantier, uttryckliga eller underf\u00f6rst\u00e5dda, inklusive men inte begr\u00e4nsat till underf\u00f6rst\u00e5dda garantier om s\u00e4ljbarhet, l\u00e4mplighet f\u00f6r ett specifikt \u00e4ndam\u00e5l, \u00e4gander\u00e4tt och icke-intr\u00e5ng, samt garantier som kan uppst\u00e5 genom handelsbruk eller praxis.\t\t\t\t\t\t\t\t<\/div>\n\t\t\t\t<\/div>\n\t\t\t\t\t<\/div>\n\t\t<\/div>\n\t\t\t\t\t<\/div>\n\t\t<\/section>\n\t\t\t\t<\/div>","protected":false},"excerpt":{"rendered":"<p>Anv\u00e4ndar Villkor Tolkning och definitioner Tolkning Ord vars f\u00f6rsta bokstav \u00e4r stor har de betydelser som anges i dessa villkor. Definitionerna nedan har samma inneb\u00f6rd oavsett om de anv\u00e4nds i singular eller plural. Definitioner F\u00f6r \u00e4ndam\u00e5len med dessa villkor och regler: Partner avser en enhet som kontrollerar, \u00e4r kontrollerad av, eller \u00e4r under gemensam kontroll [&hellip;]<\/p>\n","protected":false},"author":4,"featured_media":0,"parent":0,"menu_order":0,"comment_status":"closed","ping_status":"closed","template":"elementor_header_footer","meta":{"_themeisle_gutenberg_block_has_review":false,"footnotes":""},"class_list":["post-1003","page","type-page","status-publish","hentry"],"rttpg_featured_image_url":null,"rttpg_author":{"display_name":"","author_link":"https:\/\/iptvkingnordic.com\/sv\/author\/"},"rttpg_comment":0,"rttpg_category":null,"rttpg_excerpt":"Anv\u00e4ndar Villkor Tolkning och definitioner Tolkning Ord vars f\u00f6rsta bokstav \u00e4r stor har de betydelser som anges i dessa villkor. Definitionerna nedan har samma inneb\u00f6rd oavsett om de anv\u00e4nds i singular eller plural. Definitioner F\u00f6r \u00e4ndam\u00e5len med dessa villkor och regler: Partner avser en enhet som kontrollerar, \u00e4r kontrollerad av, eller \u00e4r under gemensam kontroll&hellip;","_links":{"self":[{"href":"https:\/\/iptvkingnordic.com\/sv\/wp-json\/wp\/v2\/pages\/1003","targetHints":{"allow":["GET"]}}],"collection":[{"href":"https:\/\/iptvkingnordic.com\/sv\/wp-json\/wp\/v2\/pages"}],"about":[{"href":"https:\/\/iptvkingnordic.com\/sv\/wp-json\/wp\/v2\/types\/page"}],"author":[{"embeddable":true,"href":"https:\/\/iptvkingnordic.com\/sv\/wp-json\/wp\/v2\/users\/4"}],"replies":[{"embeddable":true,"href":"https:\/\/iptvkingnordic.com\/sv\/wp-json\/wp\/v2\/comments?post=1003"}],"version-history":[{"count":9,"href":"https:\/\/iptvkingnordic.com\/sv\/wp-json\/wp\/v2\/pages\/1003\/revisions"}],"predecessor-version":[{"id":4148,"href":"https:\/\/iptvkingnordic.com\/sv\/wp-json\/wp\/v2\/pages\/1003\/revisions\/4148"}],"wp:attachment":[{"href":"https:\/\/iptvkingnordic.com\/sv\/wp-json\/wp\/v2\/media?parent=1003"}],"curies":[{"name":"wp","href":"https:\/\/api.w.org\/{rel}","templated":true}]}}